{"id":16,"date":"2020-04-25T10:37:21","date_gmt":"2020-04-25T10:37:21","guid":{"rendered":"http:\/\/auberge-aux-marais.net\/?page_id=16"},"modified":"2021-02-23T15:08:18","modified_gmt":"2021-02-23T15:08:18","slug":"espace-bien-etre","status":"publish","type":"page","link":"http:\/\/auberge-aux-marais.net\/?page_id=16","title":{"rendered":"Espace Bien Etre"},"content":{"rendered":"\t\t<div data-elementor-type=\"wp-page\" data-elementor-id=\"16\" class=\"elementor elementor-16\" data-elementor-settings=\"[]\">\n\t\t\t<div class=\"elementor-inner\">\n\t\t\t\t<div class=\"elementor-section-wrap\">\n\t\t\t\t\t\t\t<section class=\"elementor-element elementor-element-35d086eb elementor-section-boxed elementor-section-height-default elementor-section-height-default elementor-section elementor-top-section\" data-id=\"35d086eb\" data-element_type=\"section\">\n\t\t\t\t\t\t<div class=\"elementor-container elementor-column-gap-default\">\n\t\t\t\t<div class=\"elementor-row\">\n\t\t\t\t<div class=\"elementor-element elementor-element-1bdcff84 elementor-column elementor-col-100 elementor-top-column\" data-id=\"1bdcff84\" data-element_type=\"column\">\n\t\t\t<div class=\"elementor-column-wrap  elementor-element-populated\">\n\t\t\t\t\t<div class=\"elementor-widget-wrap\">\n\t\t\t\t<div class=\"elementor-element elementor-element-5b9b0be3 elementor-widget elementor-widget-text-editor\" data-id=\"5b9b0be3\" data-element_type=\"widget\" data-widget_type=\"text-editor.default\">\n\t\t\t\t<div class=\"elementor-widget-container\">\n\t\t\t\t\t<div class=\"elementor-text-editor elementor-clearfix\"><p><!-- wp:media-text {\"mediaId\":187,\"mediaType\":\"image\"} --><\/p>\n<div class=\"wp-block-media-text alignwide\">\n<figure class=\"wp-block-media-text__media\"><img decoding=\"async\" loading=\"lazy\" class=\"alignnone wp-image-329 size-medium aligncenter\" src=\"http:\/\/auberge-aux-marais.net\/wp-content\/uploads\/2021\/02\/massage-thai-300x293.jpg\" alt=\"\" width=\"300\" height=\"293\" srcset=\"http:\/\/auberge-aux-marais.net\/wp-content\/uploads\/2021\/02\/massage-thai-300x293.jpg 300w, http:\/\/auberge-aux-marais.net\/wp-content\/uploads\/2021\/02\/massage-thai-768x749.jpg 768w, http:\/\/auberge-aux-marais.net\/wp-content\/uploads\/2021\/02\/massage-thai-1024x999.jpg 1024w, http:\/\/auberge-aux-marais.net\/wp-content\/uploads\/2021\/02\/massage-thai-830x810.jpg 830w, http:\/\/auberge-aux-marais.net\/wp-content\/uploads\/2021\/02\/massage-thai-230x224.jpg 230w, http:\/\/auberge-aux-marais.net\/wp-content\/uploads\/2021\/02\/massage-thai-350x341.jpg 350w, http:\/\/auberge-aux-marais.net\/wp-content\/uploads\/2021\/02\/massage-thai-480x468.jpg 480w, http:\/\/auberge-aux-marais.net\/wp-content\/uploads\/2021\/02\/massage-thai.jpg 1440w\" sizes=\"(max-width: 300px) 100vw, 300px\" \/><\/figure>\n<div class=\"wp-block-media-text__content\">\n<p><!-- wp:paragraph --><\/p>\n<p><strong><em>Sudarat vous propose une s\u00e9ance de massage Tha\u00eflandais, (\u00e0 l&rsquo;huile)<\/em><\/strong>, <strong><em>d&rsquo;une dur\u00e9e de 1h15. (voir tarifs \u00e0 l&rsquo;accueil, selon p\u00e9riodes et promotions), sur r\u00e9servation.<\/em><\/strong><\/p>\n<p><!-- \/wp:paragraph --><\/p>\n<\/div>\n<\/div>\n<p><!-- \/wp:media-text --><\/p>\n<p><!-- wp:media-text {\"mediaId\":188,\"mediaType\":\"image\"} --><\/p>\n<div class=\"wp-block-media-text alignwide\">\n<figure class=\"wp-block-media-text__media\"><img decoding=\"async\" loading=\"lazy\" class=\"alignnone wp-image-334 size-medium\" src=\"http:\/\/auberge-aux-marais.net\/wp-content\/uploads\/2021\/02\/zen1-223x300.jpg\" alt=\"\" width=\"223\" height=\"300\" srcset=\"http:\/\/auberge-aux-marais.net\/wp-content\/uploads\/2021\/02\/zen1-223x300.jpg 223w, http:\/\/auberge-aux-marais.net\/wp-content\/uploads\/2021\/02\/zen1-768x1032.jpg 768w, http:\/\/auberge-aux-marais.net\/wp-content\/uploads\/2021\/02\/zen1-762x1024.jpg 762w, http:\/\/auberge-aux-marais.net\/wp-content\/uploads\/2021\/02\/zen1-830x1115.jpg 830w, http:\/\/auberge-aux-marais.net\/wp-content\/uploads\/2021\/02\/zen1-230x309.jpg 230w, http:\/\/auberge-aux-marais.net\/wp-content\/uploads\/2021\/02\/zen1-350x470.jpg 350w, http:\/\/auberge-aux-marais.net\/wp-content\/uploads\/2021\/02\/zen1-480x645.jpg 480w, http:\/\/auberge-aux-marais.net\/wp-content\/uploads\/2021\/02\/zen1.jpg 1152w\" sizes=\"(max-width: 223px) 100vw, 223px\" \/><\/figure>\n<figure class=\"wp-block-media-text__media\"><img decoding=\"async\" loading=\"lazy\" class=\"alignnone size-medium wp-image-331\" src=\"http:\/\/auberge-aux-marais.net\/wp-content\/uploads\/2021\/02\/zen2-223x300.jpg\" alt=\"\" width=\"223\" height=\"300\" srcset=\"http:\/\/auberge-aux-marais.net\/wp-content\/uploads\/2021\/02\/zen2-223x300.jpg 223w, http:\/\/auberge-aux-marais.net\/wp-content\/uploads\/2021\/02\/zen2-768x1032.jpg 768w, http:\/\/auberge-aux-marais.net\/wp-content\/uploads\/2021\/02\/zen2-762x1024.jpg 762w, http:\/\/auberge-aux-marais.net\/wp-content\/uploads\/2021\/02\/zen2-830x1115.jpg 830w, http:\/\/auberge-aux-marais.net\/wp-content\/uploads\/2021\/02\/zen2-230x309.jpg 230w, http:\/\/auberge-aux-marais.net\/wp-content\/uploads\/2021\/02\/zen2-350x470.jpg 350w, http:\/\/auberge-aux-marais.net\/wp-content\/uploads\/2021\/02\/zen2-480x645.jpg 480w, http:\/\/auberge-aux-marais.net\/wp-content\/uploads\/2021\/02\/zen2.jpg 1152w\" sizes=\"(max-width: 223px) 100vw, 223px\" \/><\/figure>\n<div class=\"wp-block-media-text__content\">\n<p><!-- wp:paragraph --><\/p>\n<p><strong><em>Vous aurez la possibilit\u00e9 de faire une s\u00e9ance de Sauna,(infrarouge),dans notre cabine, en solo ou \u00e0 deux.(tarif 10 euros par personne).<\/em><\/strong><\/p>\n<p><img decoding=\"async\" loading=\"lazy\" class=\"size-medium wp-image-390 aligncenter\" src=\"http:\/\/auberge-aux-marais.net\/wp-content\/uploads\/2021\/02\/SUPHOTO-200x300.jpg\" alt=\"\" width=\"200\" height=\"300\" srcset=\"http:\/\/auberge-aux-marais.net\/wp-content\/uploads\/2021\/02\/SUPHOTO-200x300.jpg 200w, http:\/\/auberge-aux-marais.net\/wp-content\/uploads\/2021\/02\/SUPHOTO-768x1151.jpg 768w, http:\/\/auberge-aux-marais.net\/wp-content\/uploads\/2021\/02\/SUPHOTO-684x1024.jpg 684w, http:\/\/auberge-aux-marais.net\/wp-content\/uploads\/2021\/02\/SUPHOTO-830x1243.jpg 830w, http:\/\/auberge-aux-marais.net\/wp-content\/uploads\/2021\/02\/SUPHOTO-230x345.jpg 230w, http:\/\/auberge-aux-marais.net\/wp-content\/uploads\/2021\/02\/SUPHOTO-350x524.jpg 350w, http:\/\/auberge-aux-marais.net\/wp-content\/uploads\/2021\/02\/SUPHOTO-480x719.jpg 480w\" sizes=\"(max-width: 200px) 100vw, 200px\" \/>\u00a0 \u00a0<\/p>\n<p><!-- \/wp:paragraph --><\/p>\n<\/div>\n<\/div>\n<p><!-- \/wp:media-text --><\/p><\/div>\n\t\t\t\t<\/div>\n\t\t\t\t<\/div>\n\t\t\t\t\t\t<\/div>\n\t\t\t<\/div>\n\t\t<\/div>\n\t\t\t\t\t\t<\/div>\n\t\t\t<\/div>\n\t\t<\/section>\n\t\t\t\t\t\t<\/div>\n\t\t\t<\/div>\n\t\t<\/div>\n\t\t","protected":false},"excerpt":{"rendered":"<p>Sudarat vous propose une s\u00e9ance de massage Tha\u00eflandais, (\u00e0 l&rsquo;huile), d&rsquo;une dur\u00e9e de 1h15. (voir tarifs \u00e0 l&rsquo;accueil, selon p\u00e9riodes et promotions), sur r\u00e9servation. Vous aurez la possibilit\u00e9 de faire une s\u00e9ance de Sauna,(infrarouge),dans notre cabine, en solo ou \u00e0 deux.(tarif 10 euros par personne). \u00a0 \u00a0<\/p>\n","protected":false},"author":1,"featured_media":0,"parent":0,"menu_order":0,"comment_status":"closed","ping_status":"closed","template":"","meta":[],"_links":{"self":[{"href":"http:\/\/auberge-aux-marais.net\/index.php?rest_route=\/wp\/v2\/pages\/16"}],"collection":[{"href":"http:\/\/auberge-aux-marais.net\/index.php?rest_route=\/wp\/v2\/pages"}],"about":[{"href":"http:\/\/auberge-aux-marais.net\/index.php?rest_route=\/wp\/v2\/types\/page"}],"author":[{"embeddable":true,"href":"http:\/\/auberge-aux-marais.net\/index.php?rest_route=\/wp\/v2\/users\/1"}],"replies":[{"embeddable":true,"href":"http:\/\/auberge-aux-marais.net\/index.php?rest_route=%2Fwp%2Fv2%2Fcomments&post=16"}],"version-history":[{"count":13,"href":"http:\/\/auberge-aux-marais.net\/index.php?rest_route=\/wp\/v2\/pages\/16\/revisions"}],"predecessor-version":[{"id":391,"href":"http:\/\/auberge-aux-marais.net\/index.php?rest_route=\/wp\/v2\/pages\/16\/revisions\/391"}],"wp:attachment":[{"href":"http:\/\/auberge-aux-marais.net\/index.php?rest_route=%2Fwp%2Fv2%2Fmedia&parent=16"}],"curies":[{"name":"wp","href":"https:\/\/api.w.org\/{rel}","templated":true}]}}